{"id":1933,"date":"2026-03-13T08:24:02","date_gmt":"2026-03-13T08:24:02","guid":{"rendered":"https:\/\/olo-running.fr\/olo-running\/?page_id=1933"},"modified":"2026-04-02T09:40:07","modified_gmt":"2026-04-02T09:40:07","slug":"guide-de-pointure","status":"publish","type":"page","link":"https:\/\/olo-running.fr\/olo-running\/guide-de-pointure\/","title":{"rendered":"Guides de pointures"},"content":{"rendered":"<p>[et_pb_section fb_built=\u00a0\u00bb1&Prime; _builder_version=\u00a0\u00bb4.27.5&Prime; _module_preset=\u00a0\u00bbdefault\u00a0\u00bb background_image=\u00a0\u00bbhttp:\/\/olo-running.fr\/olo-running\/wp-content\/uploads\/2026\/03\/OLO2.jpg\u00a0\u00bb min_height=\u00a0\u00bb432px\u00a0\u00bb custom_margin=\u00a0\u00bb||1px|||\u00a0\u00bb custom_padding=\u00a0\u00bb||366px|||\u00a0\u00bb global_colors_info=\u00a0\u00bb{}\u00a0\u00bb][\/et_pb_section][et_pb_section fb_built=\u00a0\u00bb1&Prime; _builder_version=\u00a0\u00bb4.27.5&Prime; _module_preset=\u00a0\u00bbdefault\u00a0\u00bb custom_margin=\u00a0\u00bb47px||47px||true|\u00a0\u00bb custom_padding=\u00a0\u00bb0px|||||\u00a0\u00bb global_colors_info=\u00a0\u00bb{}\u00a0\u00bb][et_pb_row _builder_version=\u00a0\u00bb4.27.5&Prime; _module_preset=\u00a0\u00bbdefault\u00a0\u00bb custom_padding=\u00a0\u00bb0px|||||\u00a0\u00bb global_colors_info=\u00a0\u00bb{}\u00a0\u00bb][et_pb_column type=\u00a0\u00bb4_4&Prime; _builder_version=\u00a0\u00bb4.27.5&Prime; _module_preset=\u00a0\u00bbdefault\u00a0\u00bb global_colors_info=\u00a0\u00bb{}\u00a0\u00bb][et_pb_text _builder_version=\u00a0\u00bb4.27.5&Prime; _module_preset=\u00a0\u00bbdefault\u00a0\u00bb text_font=\u00a0\u00bb&#8211;et_global_heading_font||||||||\u00a0\u00bb text_text_color=\u00a0\u00bb#8ABA8A\u00a0\u00bb text_font_size=\u00a0\u00bb45px\u00a0\u00bb global_colors_info=\u00a0\u00bb{}\u00a0\u00bb]<\/p>\n<h1 style=\"text-align: center;\"><strong>Guide des pointures<\/strong><\/h1>\n<p>[\/et_pb_text][\/et_pb_column][\/et_pb_row][et_pb_row _builder_version=\u00a0\u00bb4.27.5&Prime; _module_preset=\u00a0\u00bbdefault\u00a0\u00bb module_alignment=\u00a0\u00bbcenter\u00a0\u00bb global_colors_info=\u00a0\u00bb{}\u00a0\u00bb][et_pb_column type=\u00a0\u00bb4_4&Prime; _builder_version=\u00a0\u00bb4.27.5&Prime; _module_preset=\u00a0\u00bbdefault\u00a0\u00bb global_colors_info=\u00a0\u00bb{}\u00a0\u00bb][et_pb_text _builder_version=\u00a0\u00bb4.27.5&Prime; _module_preset=\u00a0\u00bbdefault\u00a0\u00bb text_font=\u00a0\u00bb&#8211;et_global_heading_font||||||||\u00a0\u00bb text_font_size=\u00a0\u00bb15px\u00a0\u00bb global_colors_info=\u00a0\u00bb{}\u00a0\u00bb]<\/p>\n<p class=\"p1\"><b>OLO vous propose une nouvelle fa\u00e7on de courir gr\u00e2ce \u00e0 un concept innovant de chaussure modulable.<\/b><b><\/b><\/p>\n<p class=\"p2\">Gr\u00e2ce \u00e0 une base unique et des semelles interchangeables, adaptez votre chaussure \u00e0 chaque pratique : route, trail ou mixte.<\/p>\n<p class=\"p2\"><span class=\"s1\"><b>OLO, c\u2019est une chaussure performante, durable et \u00e9conomique<\/b><\/span>, con\u00e7ue pour accompagner les coureurs tout en r\u00e9duisant le gaspillage. Une solution innovante pour courir mieux, plus longtemps et de mani\u00e8re plus responsable.<\/p>\n<p>[\/et_pb_text][\/et_pb_column][\/et_pb_row][et_pb_row _builder_version=\u00a0\u00bb4.27.5&Prime; _module_preset=\u00a0\u00bbdefault\u00a0\u00bb global_colors_info=\u00a0\u00bb{}\u00a0\u00bb][et_pb_column type=\u00a0\u00bb4_4&Prime; _builder_version=\u00a0\u00bb4.27.5&Prime; _module_preset=\u00a0\u00bbdefault\u00a0\u00bb global_colors_info=\u00a0\u00bb{}\u00a0\u00bb][et_pb_button button_url=\u00a0\u00bbhttps:\/\/olo-running.fr\/olo-running\/nos-produits\/\u00a0\u00bb button_text=\u00a0\u00bbVoir les packs OLO\u00a0\u00bb button_alignment=\u00a0\u00bbcenter\u00a0\u00bb _builder_version=\u00a0\u00bb4.27.5&Prime; _module_preset=\u00a0\u00bbdefault\u00a0\u00bb custom_button=\u00a0\u00bbon\u00a0\u00bb button_text_color=\u00a0\u00bb#8ABA8A\u00a0\u00bb global_colors_info=\u00a0\u00bb{}\u00a0\u00bb][\/et_pb_button][\/et_pb_column][\/et_pb_row][et_pb_row _builder_version=\u00a0\u00bb4.27.5&Prime; _module_preset=\u00a0\u00bbdefault\u00a0\u00bb global_colors_info=\u00a0\u00bb{}\u00a0\u00bb][et_pb_column type=\u00a0\u00bb4_4&Prime; _builder_version=\u00a0\u00bb4.27.5&Prime; _module_preset=\u00a0\u00bbdefault\u00a0\u00bb global_colors_info=\u00a0\u00bb{}\u00a0\u00bb][et_pb_text _builder_version=\u00a0\u00bb4.27.5&Prime; _module_preset=\u00a0\u00bbdefault\u00a0\u00bb text_font=\u00a0\u00bb&#8211;et_global_heading_font||||||||\u00a0\u00bb text_font_size=\u00a0\u00bb15px\u00a0\u00bb global_colors_info=\u00a0\u00bb{}\u00a0\u00bb]<\/p>\n<h2 style=\"text-align: center;\"><strong>Prendre ses mesures pour des chaussures<\/strong><\/h2>\n<p style=\"text-align: center;\">Pour prendre vos mesures, il vous faut :<\/p>\n<p>[\/et_pb_text][\/et_pb_column][\/et_pb_row][et_pb_row _builder_version=\u00a0\u00bb4.27.5&Prime; _module_preset=\u00a0\u00bbdefault\u00a0\u00bb global_colors_info=\u00a0\u00bb{}\u00a0\u00bb][et_pb_column type=\u00a0\u00bb4_4&Prime; _builder_version=\u00a0\u00bb4.27.5&Prime; _module_preset=\u00a0\u00bbdefault\u00a0\u00bb global_colors_info=\u00a0\u00bb{}\u00a0\u00bb][et_pb_image src=\u00a0\u00bbhttp:\/\/olo-running.fr\/olo-running\/wp-content\/uploads\/2026\/03\/Capture-decran-2026-03-13-a-09.50.32.png\u00a0\u00bb title_text=\u00a0\u00bbCapture d\u2019e\u0301cran 2026-03-13 a\u0300 09.50.32&Prime; _builder_version=\u00a0\u00bb4.27.5&Prime; _module_preset=\u00a0\u00bbdefault\u00a0\u00bb global_colors_info=\u00a0\u00bb{}\u00a0\u00bb][\/et_pb_image][\/et_pb_column][\/et_pb_row][et_pb_row column_structure=\u00a0\u00bb1_2,1_2&Prime; _builder_version=\u00a0\u00bb4.27.5&Prime; _module_preset=\u00a0\u00bbdefault\u00a0\u00bb global_colors_info=\u00a0\u00bb{}\u00a0\u00bb][et_pb_column type=\u00a0\u00bb1_2&Prime; _builder_version=\u00a0\u00bb4.27.5&Prime; _module_preset=\u00a0\u00bbdefault\u00a0\u00bb global_colors_info=\u00a0\u00bb{}\u00a0\u00bb][et_pb_image src=\u00a0\u00bbhttp:\/\/olo-running.fr\/olo-running\/wp-content\/uploads\/2026\/03\/Capture-decran-2026-03-13-a-09.59.44.png\u00a0\u00bb title_text=\u00a0\u00bbCapture d\u2019e\u0301cran 2026-03-13 a\u0300 09.59.44&Prime; _builder_version=\u00a0\u00bb4.27.5&Prime; _module_preset=\u00a0\u00bbdefault\u00a0\u00bb global_colors_info=\u00a0\u00bb{}\u00a0\u00bb][\/et_pb_image][\/et_pb_column][et_pb_column type=\u00a0\u00bb1_2&Prime; _builder_version=\u00a0\u00bb4.27.5&Prime; _module_preset=\u00a0\u00bbdefault\u00a0\u00bb global_colors_info=\u00a0\u00bb{}\u00a0\u00bb][et_pb_text _builder_version=\u00a0\u00bb4.27.5&Prime; _module_preset=\u00a0\u00bbdefault\u00a0\u00bb text_font_size=\u00a0\u00bb15px\u00a0\u00bb global_colors_info=\u00a0\u00bb{}\u00a0\u00bb]<\/p>\n<h2 class=\"lp-title__h3\"><strong><\/strong><\/h2>\n<h2 class=\"lp-title__h3\"><strong><\/strong><\/h2>\n<h2 class=\"lp-title__h3\"><strong>COMMENT MESURER SON PIED :<\/strong><\/h2>\n<p><strong><\/strong><\/p>\n<p>&nbsp;<\/p>\n<p><strong><\/strong><\/p>\n<p><span class=\"prdDtl__pointure__modalStep__number\"><strong>1<\/strong> <strong>: <\/strong><\/span><span class=\"prdDtl__pointure__modalStep__txt\">Prenez une feuille de papier et posez la par terre le bord contre un mur.<\/span><\/p>\n<p><strong><span class=\"prdDtl__pointure__modalStep__number\">2 : <\/span><\/strong><span class=\"prdDtl__pointure__modalStep__txt\">Poser votre pied sur la feuille, le talon coll\u00e9 au mur et marquez d&rsquo;un trait l&rsquo;endroit o\u00f9 arrive l&rsquo;extr\u00e9mit\u00e9 de votre pied.<\/span><\/p>\n<p><strong><span class=\"prdDtl__pointure__modalStep__number\">3 : <\/span><\/strong><span class=\"prdDtl__pointure__modalStep__txt\">Pour finir, mesurez la distance entre le trait et le bord de la feuille. Reportez cette mesure dans le tableau de guide de taille.<\/span><\/p>\n<p><span class=\"prdDtl__pointure__modalStep__txt\"><\/span><\/p>\n<p><span class=\"prdDtl__pointure__modalStep__txt\"><\/span><\/p>\n<div class=\"prdDtl__pointure__modalInfo\"><span class=\"prdDtl__pointure__modalInfo__icon\"><img loading=\"lazy\" decoding=\"async\" src=\"https:\/\/media.i-run.com\/assets\/icons\/ico-finger-right.svg\" alt=\"Icon de main pointant de l'index\" width=\"44\" height=\"43\" \/> \u00a0<\/span><span class=\"prdDtl__pointure__modalInfo__txt\">Pensez \u00e0 rajouter 1 centim\u00e8tre \u00e0 votre mesure, le pied gonfle pendant l&rsquo;effort !<\/span><\/div>\n<p>[\/et_pb_text][\/et_pb_column][\/et_pb_row][et_pb_row _builder_version=\u00a0\u00bb4.27.5&Prime; _module_preset=\u00a0\u00bbdefault\u00a0\u00bb global_colors_info=\u00a0\u00bb{}\u00a0\u00bb][et_pb_column type=\u00a0\u00bb4_4&Prime; _builder_version=\u00a0\u00bb4.27.5&Prime; _module_preset=\u00a0\u00bbdefault\u00a0\u00bb global_colors_info=\u00a0\u00bb{}\u00a0\u00bb][et_pb_text _builder_version=\u00a0\u00bb4.27.5&Prime; _module_preset=\u00a0\u00bbdefault\u00a0\u00bb text_font=\u00a0\u00bb&#8211;et_global_heading_font||||||||\u00a0\u00bb text_font_size=\u00a0\u00bb45px\u00a0\u00bb global_colors_info=\u00a0\u00bb{}\u00a0\u00bb]<\/p>\n<h2 data-content-type=\"heading\" data-appearance=\"default\" data-element=\"main\" data-pb-style=\"F2QO7NA\" style=\"text-align: center;\"><strong>Trouver la correspondance de tailles OLO<\/strong><\/h2>\n<p>[\/et_pb_text][\/et_pb_column][\/et_pb_row][et_pb_row _builder_version=\u00a0\u00bb4.27.5&Prime; _module_preset=\u00a0\u00bbdefault\u00a0\u00bb global_colors_info=\u00a0\u00bb{}\u00a0\u00bb][et_pb_column type=\u00a0\u00bb4_4&Prime; _builder_version=\u00a0\u00bb4.27.5&Prime; _module_preset=\u00a0\u00bbdefault\u00a0\u00bb global_colors_info=\u00a0\u00bb{}\u00a0\u00bb][et_pb_text _builder_version=\u00a0\u00bb4.27.5&Prime; _module_preset=\u00a0\u00bbdefault\u00a0\u00bb text_font_size=\u00a0\u00bb20px\u00a0\u00bb global_colors_info=\u00a0\u00bb{}\u00a0\u00bb]<\/p>\n<p style=\"padding-left: 40px;\"><strong>Homme \/ Femme<\/strong><\/p>\n<p>[\/et_pb_text][\/et_pb_column][\/et_pb_row][et_pb_row _builder_version=\u00a0\u00bb4.27.5&Prime; _module_preset=\u00a0\u00bbdefault\u00a0\u00bb global_colors_info=\u00a0\u00bb{}\u00a0\u00bb][et_pb_column type=\u00a0\u00bb4_4&Prime; _builder_version=\u00a0\u00bb4.27.5&Prime; _module_preset=\u00a0\u00bbdefault\u00a0\u00bb global_colors_info=\u00a0\u00bb{}\u00a0\u00bb][et_pb_image src=\u00a0\u00bbhttp:\/\/olo-running.fr\/olo-running\/wp-content\/uploads\/2026\/03\/Capture-decran-2026-03-13-a-09.55.11.png\u00a0\u00bb title_text=\u00a0\u00bbCapture d\u2019e\u0301cran 2026-03-13 a\u0300 09.55.11&Prime; _builder_version=\u00a0\u00bb4.27.5&Prime; _module_preset=\u00a0\u00bbdefault\u00a0\u00bb global_colors_info=\u00a0\u00bb{}\u00a0\u00bb][\/et_pb_image][\/et_pb_column][\/et_pb_row][et_pb_row _builder_version=\u00a0\u00bb4.27.5&Prime; _module_preset=\u00a0\u00bbdefault\u00a0\u00bb global_colors_info=\u00a0\u00bb{}\u00a0\u00bb][et_pb_column type=\u00a0\u00bb4_4&Prime; _builder_version=\u00a0\u00bb4.27.5&Prime; _module_preset=\u00a0\u00bbdefault\u00a0\u00bb global_colors_info=\u00a0\u00bb{}\u00a0\u00bb][et_pb_text _builder_version=\u00a0\u00bb4.27.5&Prime; _module_preset=\u00a0\u00bbdefault\u00a0\u00bb text_font_size=\u00a0\u00bb15px\u00a0\u00bb global_colors_info=\u00a0\u00bb{}\u00a0\u00bb]<\/p>\n<p><span>Les mesures \u00e9voqu\u00e9es sont en centim\u00e8tres (cm). Ce guide des tailles vous aidera \u00e0 choisir mais ne correspond pas aux dimensions r\u00e9elles du produit.<\/span><\/p>\n<p>[\/et_pb_text][\/et_pb_column][\/et_pb_row][et_pb_row _builder_version=\u00a0\u00bb4.27.5&Prime; _module_preset=\u00a0\u00bbdefault\u00a0\u00bb global_colors_info=\u00a0\u00bb{}\u00a0\u00bb][et_pb_column type=\u00a0\u00bb4_4&Prime; _builder_version=\u00a0\u00bb4.27.5&Prime; _module_preset=\u00a0\u00bbdefault\u00a0\u00bb global_colors_info=\u00a0\u00bb{}\u00a0\u00bb][et_pb_button button_url=\u00a0\u00bbhttps:\/\/olo-running.fr\/olo-running\/nos-produits\/\u00a0\u00bb button_text=\u00a0\u00bbJe d\u00e9couvre les produits OLO\u00a0\u00bb button_alignment=\u00a0\u00bbcenter\u00a0\u00bb _builder_version=\u00a0\u00bb4.27.5&Prime; _module_preset=\u00a0\u00bbdefault\u00a0\u00bb custom_button=\u00a0\u00bbon\u00a0\u00bb button_text_color=\u00a0\u00bb#8ABA8A\u00a0\u00bb global_colors_info=\u00a0\u00bb{}\u00a0\u00bb][\/et_pb_button][\/et_pb_column][\/et_pb_row][et_pb_row _builder_version=\u00a0\u00bb4.27.5&Prime; _module_preset=\u00a0\u00bbdefault\u00a0\u00bb global_colors_info=\u00a0\u00bb{}\u00a0\u00bb][et_pb_column type=\u00a0\u00bb4_4&Prime; _builder_version=\u00a0\u00bb4.27.5&Prime; _module_preset=\u00a0\u00bbdefault\u00a0\u00bb global_colors_info=\u00a0\u00bb{}\u00a0\u00bb][et_pb_text _builder_version=\u00a0\u00bb4.27.5&Prime; _module_preset=\u00a0\u00bbdefault\u00a0\u00bb text_font=\u00a0\u00bb&#8211;et_global_body_font||||||||\u00a0\u00bb text_font_size=\u00a0\u00bb15px\u00a0\u00bb global_colors_info=\u00a0\u00bb{}\u00a0\u00bb]<\/p>\n<header class=\"scr-flex scr-flex-col scr-gap-y-s\">\n<h2 class=\"scr-title scr-break-words scr-title-m svelte-1cja9bj\"><strong>Comment choisir la bonne pointure ?<\/strong><\/h2>\n<p>&nbsp;<\/p>\n<\/header>\n<p class=\"scr-body scr-break-words is-m svelte-zfeu85\">Quand on court, le pied bouge \u00e0 l\u2019int\u00e9rieur de la chaussure en m\u00eame temps qu\u2019il gonfle. C\u2019est pour cette raison qu\u2019il convient de <strong>choisir une pointure de chaussure sup\u00e9rieure \u00e0 votre taille habituelle<\/strong>. En g\u00e9n\u00e9ral, en running on conseille de prendre une pointure au-dessus par rapport \u00e0 ses chaussures de ville.<\/p>\n<p>Les chaussures de running ne sont pas les m\u00eames pour les hommes, les femmes et les enfants. Chaque mod\u00e8le a ses sp\u00e9cificit\u00e9s en terme de forme, de poids, et d&rsquo;amorti. On vous en dit plus dans notre article.<\/p>\n<p>[\/et_pb_text][\/et_pb_column][\/et_pb_row][et_pb_row _builder_version=\u00a0\u00bb4.27.5&Prime; _module_preset=\u00a0\u00bbdefault\u00a0\u00bb global_colors_info=\u00a0\u00bb{}\u00a0\u00bb][et_pb_column type=\u00a0\u00bb4_4&Prime; _builder_version=\u00a0\u00bb4.27.5&Prime; _module_preset=\u00a0\u00bbdefault\u00a0\u00bb global_colors_info=\u00a0\u00bb{}\u00a0\u00bb][et_pb_text _builder_version=\u00a0\u00bb4.27.5&Prime; _module_preset=\u00a0\u00bbdefault\u00a0\u00bb text_font_size=\u00a0\u00bb15px\u00a0\u00bb global_colors_info=\u00a0\u00bb{}\u00a0\u00bb]<\/p>\n<header class=\"scr-flex scr-flex-col scr-gap-y-s\">\n<h2 class=\"scr-title scr-break-words scr-title-m svelte-1cja9bj\"><strong>Comment v\u00e9rifier quand on a sa chaussure au pied ?<\/strong><\/h2>\n<p><strong><\/strong><\/p>\n<p><strong><\/strong><\/p>\n<p><strong><\/strong><\/p>\n<\/header>\n<p class=\"scr-body scr-break-words is-m svelte-zfeu85\"><strong>V\u00e9rifier la longueur de la chaussure<\/strong><\/p>\n<p>Au moment d\u2019enfiler votre chaussure de running, v\u00e9rifiez la longueur de la chaussure, vous devez avoir assez de place pour vos orteils, afin qu\u2019ils ne viennent pas buter contre le fond de la chaussure au moment de la r\u00e9ception du pied au sol. Pour v\u00e9rifier cela, assurez-vous qu\u2019il est possible de placer une largeur ou une demi-largeur de votre pouce entre votre gros orteil et le bout de la chaussure.<\/p>\n<p><strong>V\u00e9rifier la largeur de la chaussure<\/strong><\/p>\n<p>La seconde chose \u00e0 v\u00e9rifier est la largeur de votre chaussure de running. Vous ne devez ni \u00eatre trop serr\u00e9 ni trop large dans le chausson. Veillez \u00e0 ce que votre pied soit bien maintenu par la chaussure.<\/p>\n<p>Quand on essaie une nouvelle paire de chaussure de running, en g\u00e9n\u00e9ral on sait tout de suite si on est bien dedans ou pas. Fiez-vous \u00e0 cette premi\u00e8re impression et n\u2019essayez pas de forcer si vous n\u2019\u00eates pas \u00e0 l\u2019aise. M\u00eame si l\u2019esth\u00e9tique d\u2019un mod\u00e8le vous plait plut\u00f4t qu\u2019un autre, privil\u00e9giez le mod\u00e8le le mieux ajust\u00e9 avant tout !<\/p>\n<p><strong>Le confort \u00e0 l\u2019int\u00e9rieur de vos chaussures de running doit \u00eatre votre crit\u00e8re de choix num\u00e9ro 1.<\/strong><\/p>\n<p>[\/et_pb_text][\/et_pb_column][\/et_pb_row][et_pb_row _builder_version=\u00a0\u00bb4.27.5&Prime; _module_preset=\u00a0\u00bbdefault\u00a0\u00bb global_colors_info=\u00a0\u00bb{}\u00a0\u00bb][et_pb_column type=\u00a0\u00bb4_4&Prime; _builder_version=\u00a0\u00bb4.27.5&Prime; _module_preset=\u00a0\u00bbdefault\u00a0\u00bb global_colors_info=\u00a0\u00bb{}\u00a0\u00bb][\/et_pb_column][\/et_pb_row][\/et_pb_section]<\/p>\n","protected":false},"excerpt":{"rendered":"<p>Guide des pointuresOLO vous propose une nouvelle fa\u00e7on de courir gr\u00e2ce \u00e0 un concept innovant de chaussure modulable. Gr\u00e2ce \u00e0 une base unique et des semelles interchangeables, adaptez votre chaussure \u00e0 chaque pratique : route, trail ou mixte. OLO, c\u2019est une chaussure performante, durable et \u00e9conomique, con\u00e7ue pour accompagner les coureurs tout en r\u00e9duisant le [&hellip;]<\/p>\n","protected":false},"author":1,"featured_media":0,"parent":0,"menu_order":0,"comment_status":"closed","ping_status":"closed","template":"","meta":{"_et_pb_use_builder":"on","_et_pb_old_content":"","_et_gb_content_width":"","footnotes":""},"class_list":["post-1933","page","type-page","status-publish","hentry"],"yoast_head":"<!-- This site is optimized with the Yoast SEO plugin v27.3 - https:\/\/yoast.com\/product\/yoast-seo-wordpress\/ -->\n<title>Guides de pointures - WordPress<\/title>\n<meta name=\"robots\" content=\"index, follow, max-snippet:-1, max-image-preview:large, max-video-preview:-1\" \/>\n<link rel=\"canonical\" href=\"https:\/\/olo-running.fr\/olo-running\/guide-de-pointure\/\" \/>\n<meta property=\"og:locale\" content=\"fr_FR\" \/>\n<meta property=\"og:type\" content=\"article\" \/>\n<meta property=\"og:title\" content=\"Guides de pointures - WordPress\" \/>\n<meta property=\"og:description\" content=\"Guide des pointuresOLO vous propose une nouvelle fa\u00e7on de courir gr\u00e2ce \u00e0 un concept innovant de chaussure modulable. Gr\u00e2ce \u00e0 une base unique et des semelles interchangeables, adaptez votre chaussure \u00e0 chaque pratique : route, trail ou mixte. OLO, c\u2019est une chaussure performante, durable et \u00e9conomique, con\u00e7ue pour accompagner les coureurs tout en r\u00e9duisant le [&hellip;]\" \/>\n<meta property=\"og:url\" content=\"https:\/\/olo-running.fr\/olo-running\/guide-de-pointure\/\" \/>\n<meta property=\"og:site_name\" content=\"WordPress\" \/>\n<meta property=\"article:modified_time\" content=\"2026-04-02T09:40:07+00:00\" \/>\n<meta property=\"og:image\" content=\"https:\/\/media.i-run.com\/assets\/icons\/ico-finger-right.svg\" \/>\n<meta name=\"twitter:card\" content=\"summary_large_image\" \/>\n<meta name=\"twitter:label1\" content=\"Dur\u00e9e de lecture estim\u00e9e\" \/>\n\t<meta name=\"twitter:data1\" content=\"7 minutes\" \/>\n<script type=\"application\/ld+json\" class=\"yoast-schema-graph\">{\"@context\":\"https:\\\/\\\/schema.org\",\"@graph\":[{\"@type\":\"WebPage\",\"@id\":\"https:\\\/\\\/olo-running.fr\\\/olo-running\\\/guide-de-pointure\\\/\",\"url\":\"https:\\\/\\\/olo-running.fr\\\/olo-running\\\/guide-de-pointure\\\/\",\"name\":\"Guides de pointures - WordPress\",\"isPartOf\":{\"@id\":\"https:\\\/\\\/olo-running.fr\\\/olo-running\\\/#website\"},\"primaryImageOfPage\":{\"@id\":\"https:\\\/\\\/olo-running.fr\\\/olo-running\\\/guide-de-pointure\\\/#primaryimage\"},\"image\":{\"@id\":\"https:\\\/\\\/olo-running.fr\\\/olo-running\\\/guide-de-pointure\\\/#primaryimage\"},\"thumbnailUrl\":\"https:\\\/\\\/media.i-run.com\\\/assets\\\/icons\\\/ico-finger-right.svg\",\"datePublished\":\"2026-03-13T08:24:02+00:00\",\"dateModified\":\"2026-04-02T09:40:07+00:00\",\"breadcrumb\":{\"@id\":\"https:\\\/\\\/olo-running.fr\\\/olo-running\\\/guide-de-pointure\\\/#breadcrumb\"},\"inLanguage\":\"fr-FR\",\"potentialAction\":[{\"@type\":\"ReadAction\",\"target\":[\"https:\\\/\\\/olo-running.fr\\\/olo-running\\\/guide-de-pointure\\\/\"]}]},{\"@type\":\"ImageObject\",\"inLanguage\":\"fr-FR\",\"@id\":\"https:\\\/\\\/olo-running.fr\\\/olo-running\\\/guide-de-pointure\\\/#primaryimage\",\"url\":\"https:\\\/\\\/media.i-run.com\\\/assets\\\/icons\\\/ico-finger-right.svg\",\"contentUrl\":\"https:\\\/\\\/media.i-run.com\\\/assets\\\/icons\\\/ico-finger-right.svg\"},{\"@type\":\"BreadcrumbList\",\"@id\":\"https:\\\/\\\/olo-running.fr\\\/olo-running\\\/guide-de-pointure\\\/#breadcrumb\",\"itemListElement\":[{\"@type\":\"ListItem\",\"position\":1,\"name\":\"Accueil\",\"item\":\"https:\\\/\\\/olo-running.fr\\\/olo-running\\\/\"},{\"@type\":\"ListItem\",\"position\":2,\"name\":\"Guides de pointures\"}]},{\"@type\":\"WebSite\",\"@id\":\"https:\\\/\\\/olo-running.fr\\\/olo-running\\\/#website\",\"url\":\"https:\\\/\\\/olo-running.fr\\\/olo-running\\\/\",\"name\":\"Olo-running\",\"description\":\"\",\"publisher\":{\"@id\":\"https:\\\/\\\/olo-running.fr\\\/olo-running\\\/#\\\/schema\\\/person\\\/614eeb449ad2ce6c04e147cd00b97ac2\"},\"potentialAction\":[{\"@type\":\"SearchAction\",\"target\":{\"@type\":\"EntryPoint\",\"urlTemplate\":\"https:\\\/\\\/olo-running.fr\\\/olo-running\\\/?s={search_term_string}\"},\"query-input\":{\"@type\":\"PropertyValueSpecification\",\"valueRequired\":true,\"valueName\":\"search_term_string\"}}],\"inLanguage\":\"fr-FR\"},{\"@type\":[\"Person\",\"Organization\"],\"@id\":\"https:\\\/\\\/olo-running.fr\\\/olo-running\\\/#\\\/schema\\\/person\\\/614eeb449ad2ce6c04e147cd00b97ac2\",\"name\":\"Gerveau\",\"image\":{\"@type\":\"ImageObject\",\"inLanguage\":\"fr-FR\",\"@id\":\"http:\\\/\\\/olo-running.fr\\\/olo-running\\\/wp-content\\\/uploads\\\/2026\\\/03\\\/cropped-Charte-graphiqugckugcjue-OLO.png\",\"url\":\"http:\\\/\\\/olo-running.fr\\\/olo-running\\\/wp-content\\\/uploads\\\/2026\\\/03\\\/cropped-Charte-graphiqugckugcjue-OLO.png\",\"contentUrl\":\"http:\\\/\\\/olo-running.fr\\\/olo-running\\\/wp-content\\\/uploads\\\/2026\\\/03\\\/cropped-Charte-graphiqugckugcjue-OLO.png\",\"width\":512,\"height\":512,\"caption\":\"Gerveau\"},\"logo\":{\"@id\":\"http:\\\/\\\/olo-running.fr\\\/olo-running\\\/wp-content\\\/uploads\\\/2026\\\/03\\\/cropped-Charte-graphiqugckugcjue-OLO.png\"},\"sameAs\":[\"http:\\\/\\\/olo-running.fr\\\/olo-running\"]}]}<\/script>\n<!-- \/ Yoast SEO plugin. -->","yoast_head_json":{"title":"Guides de pointures - WordPress","robots":{"index":"index","follow":"follow","max-snippet":"max-snippet:-1","max-image-preview":"max-image-preview:large","max-video-preview":"max-video-preview:-1"},"canonical":"https:\/\/olo-running.fr\/olo-running\/guide-de-pointure\/","og_locale":"fr_FR","og_type":"article","og_title":"Guides de pointures - WordPress","og_description":"Guide des pointuresOLO vous propose une nouvelle fa\u00e7on de courir gr\u00e2ce \u00e0 un concept innovant de chaussure modulable. Gr\u00e2ce \u00e0 une base unique et des semelles interchangeables, adaptez votre chaussure \u00e0 chaque pratique : route, trail ou mixte. OLO, c\u2019est une chaussure performante, durable et \u00e9conomique, con\u00e7ue pour accompagner les coureurs tout en r\u00e9duisant le [&hellip;]","og_url":"https:\/\/olo-running.fr\/olo-running\/guide-de-pointure\/","og_site_name":"WordPress","article_modified_time":"2026-04-02T09:40:07+00:00","og_image":[{"url":"https:\/\/media.i-run.com\/assets\/icons\/ico-finger-right.svg","type":"","width":"","height":""}],"twitter_card":"summary_large_image","twitter_misc":{"Dur\u00e9e de lecture estim\u00e9e":"7 minutes"},"schema":{"@context":"https:\/\/schema.org","@graph":[{"@type":"WebPage","@id":"https:\/\/olo-running.fr\/olo-running\/guide-de-pointure\/","url":"https:\/\/olo-running.fr\/olo-running\/guide-de-pointure\/","name":"Guides de pointures - WordPress","isPartOf":{"@id":"https:\/\/olo-running.fr\/olo-running\/#website"},"primaryImageOfPage":{"@id":"https:\/\/olo-running.fr\/olo-running\/guide-de-pointure\/#primaryimage"},"image":{"@id":"https:\/\/olo-running.fr\/olo-running\/guide-de-pointure\/#primaryimage"},"thumbnailUrl":"https:\/\/media.i-run.com\/assets\/icons\/ico-finger-right.svg","datePublished":"2026-03-13T08:24:02+00:00","dateModified":"2026-04-02T09:40:07+00:00","breadcrumb":{"@id":"https:\/\/olo-running.fr\/olo-running\/guide-de-pointure\/#breadcrumb"},"inLanguage":"fr-FR","potentialAction":[{"@type":"ReadAction","target":["https:\/\/olo-running.fr\/olo-running\/guide-de-pointure\/"]}]},{"@type":"ImageObject","inLanguage":"fr-FR","@id":"https:\/\/olo-running.fr\/olo-running\/guide-de-pointure\/#primaryimage","url":"https:\/\/media.i-run.com\/assets\/icons\/ico-finger-right.svg","contentUrl":"https:\/\/media.i-run.com\/assets\/icons\/ico-finger-right.svg"},{"@type":"BreadcrumbList","@id":"https:\/\/olo-running.fr\/olo-running\/guide-de-pointure\/#breadcrumb","itemListElement":[{"@type":"ListItem","position":1,"name":"Accueil","item":"https:\/\/olo-running.fr\/olo-running\/"},{"@type":"ListItem","position":2,"name":"Guides de pointures"}]},{"@type":"WebSite","@id":"https:\/\/olo-running.fr\/olo-running\/#website","url":"https:\/\/olo-running.fr\/olo-running\/","name":"Olo-running","description":"","publisher":{"@id":"https:\/\/olo-running.fr\/olo-running\/#\/schema\/person\/614eeb449ad2ce6c04e147cd00b97ac2"},"potentialAction":[{"@type":"SearchAction","target":{"@type":"EntryPoint","urlTemplate":"https:\/\/olo-running.fr\/olo-running\/?s={search_term_string}"},"query-input":{"@type":"PropertyValueSpecification","valueRequired":true,"valueName":"search_term_string"}}],"inLanguage":"fr-FR"},{"@type":["Person","Organization"],"@id":"https:\/\/olo-running.fr\/olo-running\/#\/schema\/person\/614eeb449ad2ce6c04e147cd00b97ac2","name":"Gerveau","image":{"@type":"ImageObject","inLanguage":"fr-FR","@id":"http:\/\/olo-running.fr\/olo-running\/wp-content\/uploads\/2026\/03\/cropped-Charte-graphiqugckugcjue-OLO.png","url":"http:\/\/olo-running.fr\/olo-running\/wp-content\/uploads\/2026\/03\/cropped-Charte-graphiqugckugcjue-OLO.png","contentUrl":"http:\/\/olo-running.fr\/olo-running\/wp-content\/uploads\/2026\/03\/cropped-Charte-graphiqugckugcjue-OLO.png","width":512,"height":512,"caption":"Gerveau"},"logo":{"@id":"http:\/\/olo-running.fr\/olo-running\/wp-content\/uploads\/2026\/03\/cropped-Charte-graphiqugckugcjue-OLO.png"},"sameAs":["http:\/\/olo-running.fr\/olo-running"]}]}},"_links":{"self":[{"href":"https:\/\/olo-running.fr\/olo-running\/wp-json\/wp\/v2\/pages\/1933","targetHints":{"allow":["GET"]}}],"collection":[{"href":"https:\/\/olo-running.fr\/olo-running\/wp-json\/wp\/v2\/pages"}],"about":[{"href":"https:\/\/olo-running.fr\/olo-running\/wp-json\/wp\/v2\/types\/page"}],"author":[{"embeddable":true,"href":"https:\/\/olo-running.fr\/olo-running\/wp-json\/wp\/v2\/users\/1"}],"replies":[{"embeddable":true,"href":"https:\/\/olo-running.fr\/olo-running\/wp-json\/wp\/v2\/comments?post=1933"}],"version-history":[{"count":15,"href":"https:\/\/olo-running.fr\/olo-running\/wp-json\/wp\/v2\/pages\/1933\/revisions"}],"predecessor-version":[{"id":2279,"href":"https:\/\/olo-running.fr\/olo-running\/wp-json\/wp\/v2\/pages\/1933\/revisions\/2279"}],"wp:attachment":[{"href":"https:\/\/olo-running.fr\/olo-running\/wp-json\/wp\/v2\/media?parent=1933"}],"curies":[{"name":"wp","href":"https:\/\/api.w.org\/{rel}","templated":true}]}}