{"id":1732,"date":"2026-03-10T09:13:31","date_gmt":"2026-03-10T09:13:31","guid":{"rendered":"https:\/\/olo-running.fr\/olo-running\/?post_type=product&#038;p=1732"},"modified":"2026-03-30T08:35:22","modified_gmt":"2026-03-30T08:35:22","slug":"semelles-route","status":"publish","type":"product","link":"https:\/\/olo-running.fr\/olo-running\/produit\/semelles-route\/","title":{"rendered":"Semelles route"},"content":{"rendered":"<p>[et_pb_section fb_built=\u00a0\u00bb1&Prime; _builder_version=\u00a0\u00bb4.16&Prime; custom_padding=\u00a0\u00bb0px||||false|false\u00a0\u00bb global_colors_info=\u00a0\u00bb{}\u00a0\u00bb][et_pb_row _builder_version=\u00a0\u00bb4.16&Prime; background_size=\u00a0\u00bbinitial\u00a0\u00bb background_position=\u00a0\u00bbtop_left\u00a0\u00bb background_repeat=\u00a0\u00bbrepeat\u00a0\u00bb width=\u00a0\u00bb100%\u00a0\u00bb custom_padding=\u00a0\u00bb0px||0px||false|false\u00a0\u00bb global_colors_info=\u00a0\u00bb{}\u00a0\u00bb][et_pb_column type=\u00a0\u00bb4_4&Prime; _builder_version=\u00a0\u00bb4.16&Prime; custom_padding=\u00a0\u00bb|||\u00a0\u00bb global_colors_info=\u00a0\u00bb{}\u00a0\u00bb custom_padding__hover=\u00a0\u00bb|||\u00a0\u00bb][et_pb_wc_breadcrumb _builder_version=\u00a0\u00bb4.16&Prime; global_colors_info=\u00a0\u00bb{}\u00a0\u00bb][\/et_pb_wc_breadcrumb][et_pb_wc_cart_notice _builder_version=\u00a0\u00bb4.16&Prime; global_colors_info=\u00a0\u00bb{}\u00a0\u00bb][\/et_pb_wc_cart_notice][\/et_pb_column][\/et_pb_row][et_pb_row column_structure=\u00a0\u00bb1_2,1_2&Prime; _builder_version=\u00a0\u00bb4.16&Prime; background_size=\u00a0\u00bbinitial\u00a0\u00bb background_position=\u00a0\u00bbtop_left\u00a0\u00bb background_repeat=\u00a0\u00bbrepeat\u00a0\u00bb width=\u00a0\u00bb100%\u00a0\u00bb custom_padding=\u00a0\u00bb0px||||false|false\u00a0\u00bb global_colors_info=\u00a0\u00bb{}\u00a0\u00bb][et_pb_column type=\u00a0\u00bb1_2&Prime; _builder_version=\u00a0\u00bb4.16&Prime; custom_padding=\u00a0\u00bb|||\u00a0\u00bb global_colors_info=\u00a0\u00bb{}\u00a0\u00bb custom_padding__hover=\u00a0\u00bb|||\u00a0\u00bb][et_pb_wc_images _builder_version=\u00a0\u00bb4.27.5&Prime; global_colors_info=\u00a0\u00bb{}\u00a0\u00bb][\/et_pb_wc_images][\/et_pb_column][et_pb_column type=\u00a0\u00bb1_2&Prime; _builder_version=\u00a0\u00bb4.16&Prime; custom_padding=\u00a0\u00bb|||\u00a0\u00bb global_colors_info=\u00a0\u00bb{}\u00a0\u00bb custom_padding__hover=\u00a0\u00bb|||\u00a0\u00bb][et_pb_wc_title _builder_version=\u00a0\u00bb4.16&Prime; global_colors_info=\u00a0\u00bb{}\u00a0\u00bb][\/et_pb_wc_title][et_pb_wc_rating _builder_version=\u00a0\u00bb4.16&Prime; global_colors_info=\u00a0\u00bb{}\u00a0\u00bb][\/et_pb_wc_rating][et_pb_wc_price _builder_version=\u00a0\u00bb4.16&Prime; global_colors_info=\u00a0\u00bb{}\u00a0\u00bb][\/et_pb_wc_price][et_pb_wc_description _builder_version=\u00a0\u00bb4.16&Prime; global_colors_info=\u00a0\u00bb{}\u00a0\u00bb][\/et_pb_wc_description][et_pb_wc_add_to_cart _builder_version=\u00a0\u00bb4.16&Prime; global_colors_info=\u00a0\u00bb{}\u00a0\u00bb][\/et_pb_wc_add_to_cart][et_pb_wc_meta _builder_version=\u00a0\u00bb4.16&Prime; global_colors_info=\u00a0\u00bb{}\u00a0\u00bb][\/et_pb_wc_meta][\/et_pb_column][\/et_pb_row][et_pb_row _builder_version=\u00a0\u00bb4.16&Prime; background_size=\u00a0\u00bbinitial\u00a0\u00bb background_position=\u00a0\u00bbtop_left\u00a0\u00bb background_repeat=\u00a0\u00bbrepeat\u00a0\u00bb width=\u00a0\u00bb100%\u00a0\u00bb global_colors_info=\u00a0\u00bb{}\u00a0\u00bb][et_pb_column type=\u00a0\u00bb4_4&Prime; _builder_version=\u00a0\u00bb4.16&Prime; custom_padding=\u00a0\u00bb|||\u00a0\u00bb global_colors_info=\u00a0\u00bb{}\u00a0\u00bb custom_padding__hover=\u00a0\u00bb|||\u00a0\u00bb][et_pb_wc_tabs _builder_version=\u00a0\u00bb4.16&Prime; global_colors_info=\u00a0\u00bb{}\u00a0\u00bb]\t\t\t\t\t[\/et_pb_wc_tabs][et_pb_wc_upsells _builder_version=\u00a0\u00bb4.16&Prime; global_colors_info=\u00a0\u00bb{}\u00a0\u00bb][\/et_pb_wc_upsells][et_pb_wc_related_products _builder_version=\u00a0\u00bb4.16&Prime; global_colors_info=\u00a0\u00bb{}\u00a0\u00bb][\/et_pb_wc_related_products][\/et_pb_column][\/et_pb_row][\/et_pb_section]<\/p>\n","protected":false},"excerpt":{"rendered":"<div class=\"flex flex-col text-sm pb-25\">\n<article class=\"text-token-text-primary w-full focus:outline-none [--shadow-height:45px] has-data-writing-block:pointer-events-none has-data-writing-block:-mt-(--shadow-height) has-data-writing-block:pt-(--shadow-height) [&amp;:has([data-writing-block])&gt;*]:pointer-events-auto scroll-mt-[calc(var(--header-height)+min(200px,max(70px,20svh)))]\" dir=\"auto\" tabindex=\"-1\" data-turn-id=\"request-69aed7fc-9290-8387-82d4-968213e27e76-17\" data-testid=\"conversation-turn-28\" data-scroll-anchor=\"true\" data-turn=\"assistant\">\n<div class=\"text-base my-auto mx-auto pb-10 [--thread-content-margin:var(--thread-content-margin-xs,calc(var(--spacing)*4))] @w-sm\/main:[--thread-content-margin:var(--thread-content-margin-sm,calc(var(--spacing)*6))] @w-lg\/main:[--thread-content-margin:var(--thread-content-margin-lg,calc(var(--spacing)*16))] px-(--thread-content-margin)\">\n<div class=\"[--thread-content-max-width:40rem] @w-lg\/main:[--thread-content-max-width:48rem] mx-auto max-w-(--thread-content-max-width) flex-1 group\/turn-messages focus-visible:outline-hidden relative flex w-full min-w-0 flex-col agent-turn\" tabindex=\"-1\">\n<div class=\"flex max-w-full flex-col gap-4 grow\">\n<div class=\"min-h-8 text-message relative flex w-full flex-col items-end gap-2 text-start break-words whitespace-normal [.text-message+&amp;]:mt-1\" dir=\"auto\" data-message-author-role=\"assistant\" data-message-id=\"eb46d0b5-b63d-4e2e-91aa-77ee44529422\" data-message-model-slug=\"gpt-5-3\">\n<div class=\"flex w-full flex-col gap-1 empty:hidden\">\n<div class=\"markdown prose dark:prose-invert w-full wrap-break-word light markdown-new-styling\">\n<p data-start=\"26\" data-end=\"196\" data-is-last-node=\"\" data-is-only-node=\"\"><strong data-start=\"26\" data-end=\"54\">Optimis\u00e9e pour la route.<\/strong><br data-start=\"54\" data-end=\"57\" \/>La <strong data-start=\"60\" data-end=\"81\">semelle running route OLO<\/strong> offre une foul\u00e9e fluide, confortable et une excellente adh\u00e9rence sur l\u2019asphalte pour toutes tes sorties sur route.<\/p>\n<\/div>\n<\/div>\n<\/div>\n<\/div>\n<\/div>\n<\/div>\n<\/article>\n<\/div>\n","protected":false},"featured_media":1767,"comment_status":"open","ping_status":"closed","template":"","meta":{"_et_pb_use_builder":"on","_et_pb_old_content":"<strong style=\"color: #8aba8a\">\u2192 <a style=\"color: #8aba8a;text-decoration: none\" href=\"https:\/\/olo-running.fr\/olo-running\/guide-de-pointure\/\">Voir le guide des pointures<\/a><\/strong>\r\n<p data-start=\"153\" data-end=\"398\">La <strong data-start=\"156\" data-end=\"177\">semelle running route OLO<\/strong> est con\u00e7ue pour les coureurs qui courent principalement sur <strong data-start=\"238\" data-end=\"269\">bitume et surfaces urbaines<\/strong>.<br data-start=\"270\" data-end=\"273\" \/>Elle offre une <strong data-start=\"288\" data-end=\"323\">foul\u00e9e fluide et un bon confort<\/strong> sur l\u2019asphalte, tout en assurant une adh\u00e9rence fiable lors de tes sorties.<\/p>\r\n<p data-start=\"400\" data-end=\"589\">Gr\u00e2ce \u00e0 sa surface optimis\u00e9e pour la route, elle permet de <strong data-start=\"459\" data-end=\"496\">courir efficacement sur le bitume<\/strong>, que ce soit pour l\u2019entra\u00eenement quotidien, les sorties longues ou les s\u00e9ances plus rapides.<\/p>\r\n<p data-start=\"591\" data-end=\"755\">Lorsque la semelle est us\u00e9e, il suffit de la remplacer sans changer toute la chaussure, ce qui <strong data-start=\"686\" data-end=\"754\">prolonge la dur\u00e9e de vie de l\u2019\u00e9quipement et r\u00e9duit le gaspillage<\/strong>.<\/p>\r\n<p data-start=\"757\" data-end=\"782\">Cette semelle permet de :<\/p>\r\n\r\n<ul data-start=\"784\" data-end=\"1004\">\r\n \t<li data-section-id=\"1gw4xfj\" data-start=\"784\" data-end=\"845\">\r\n<p data-start=\"786\" data-end=\"845\">courir sur <strong data-start=\"797\" data-end=\"845\">route, pistes cyclables et surfaces urbaines<\/strong><\/p>\r\n<\/li>\r\n \t<li data-section-id=\"19v0srn\" data-start=\"846\" data-end=\"906\">\r\n<p data-start=\"848\" data-end=\"906\">conserver une <strong data-start=\"862\" data-end=\"906\">bonne adh\u00e9rence sur bitume sec ou humide<\/strong><\/p>\r\n<\/li>\r\n \t<li data-section-id=\"1mq480n\" data-start=\"907\" data-end=\"956\">\r\n<p data-start=\"909\" data-end=\"956\">profiter d\u2019une <strong data-start=\"924\" data-end=\"956\">foul\u00e9e fluide et confortable<\/strong><\/p>\r\n<\/li>\r\n \t<li data-section-id=\"a2evoo\" data-start=\"957\" data-end=\"1004\">\r\n<p data-start=\"959\" data-end=\"1004\"><strong data-start=\"959\" data-end=\"1004\">prolonger la dur\u00e9e de vie de ta chaussure<\/strong><\/p>\r\n<\/li>\r\n<\/ul>\r\n&nbsp;\r\n<p data-section-id=\"isgweo\" data-start=\"1006\" data-end=\"1040\"><strong>Caract\u00e9ristiques principales :<\/strong><\/p>\r\n\r\n<ul>\r\n \t<li data-start=\"1042\" data-end=\"1099\">Hauteur de semelle : <strong data-start=\"1063\" data-end=\"1099\">25 mm au talon \/ 17 mm \u00e0 l\u2019avant<\/strong><\/li>\r\n \t<li data-start=\"1101\" data-end=\"1116\">Drop : <strong data-start=\"1108\" data-end=\"1116\">8 mm<\/strong><\/li>\r\n \t<li data-start=\"1118\" data-end=\"1150\">Longueur des crampons : <strong data-start=\"1142\" data-end=\"1150\">2 mm<\/strong><\/li>\r\n \t<li data-start=\"1152\" data-end=\"1213\">Compatibilit\u00e9 : <strong data-start=\"1168\" data-end=\"1213\">compatible avec toutes les chaussures OLO<\/strong><\/li>\r\n<\/ul>","_et_gb_content_width":""},"product_brand":[],"product_cat":[81],"product_tag":[],"class_list":{"0":"post-1732","1":"product","2":"type-product","3":"status-publish","4":"has-post-thumbnail","6":"product_cat-semelle","8":"first","9":"instock","10":"shipping-taxable","11":"purchasable","12":"product-type-variable"},"yoast_head":"<!-- This site is optimized with the Yoast SEO plugin v27.3 - https:\/\/yoast.com\/product\/yoast-seo-wordpress\/ -->\n<title>Semelles route<\/title>\n<meta name=\"description\" content=\"D\u00e9couvrez les semelles running route OLO : adh\u00e9rence optimale, confort et performance sur bitume. Compatibles avec les chaussures modulables OLO.\" \/>\n<meta name=\"robots\" content=\"index, follow, max-snippet:-1, max-image-preview:large, max-video-preview:-1\" \/>\n<link rel=\"canonical\" href=\"https:\/\/olo-running.fr\/olo-running\/produit\/semelles-route\/\" \/>\n<meta property=\"og:locale\" content=\"fr_FR\" \/>\n<meta property=\"og:type\" content=\"article\" \/>\n<meta property=\"og:title\" content=\"Semelles route\" \/>\n<meta property=\"og:description\" content=\"D\u00e9couvrez les semelles running route OLO : adh\u00e9rence optimale, confort et performance sur bitume. Compatibles avec les chaussures modulables OLO.\" \/>\n<meta property=\"og:url\" content=\"https:\/\/olo-running.fr\/olo-running\/produit\/semelles-route\/\" \/>\n<meta property=\"og:site_name\" content=\"WordPress\" \/>\n<meta property=\"article:modified_time\" content=\"2026-03-30T08:35:22+00:00\" \/>\n<meta property=\"og:image\" content=\"http:\/\/olo-running.fr\/olo-running\/wp-content\/uploads\/2026\/03\/OLO-50.png\" \/>\n\t<meta property=\"og:image:width\" content=\"1080\" \/>\n\t<meta property=\"og:image:height\" content=\"1350\" \/>\n\t<meta property=\"og:image:type\" content=\"image\/png\" \/>\n<meta name=\"twitter:card\" content=\"summary_large_image\" \/>\n<meta name=\"twitter:label1\" content=\"Dur\u00e9e de lecture estim\u00e9e\" \/>\n\t<meta name=\"twitter:data1\" content=\"7 minutes\" \/>\n<script type=\"application\/ld+json\" class=\"yoast-schema-graph\">{\"@context\":\"https:\\\/\\\/schema.org\",\"@graph\":[{\"@type\":\"WebPage\",\"@id\":\"https:\\\/\\\/olo-running.fr\\\/olo-running\\\/produit\\\/semelles-route\\\/\",\"url\":\"https:\\\/\\\/olo-running.fr\\\/olo-running\\\/produit\\\/semelles-route\\\/\",\"name\":\"Semelles route\",\"isPartOf\":{\"@id\":\"https:\\\/\\\/olo-running.fr\\\/olo-running\\\/#website\"},\"primaryImageOfPage\":{\"@id\":\"https:\\\/\\\/olo-running.fr\\\/olo-running\\\/produit\\\/semelles-route\\\/#primaryimage\"},\"image\":{\"@id\":\"https:\\\/\\\/olo-running.fr\\\/olo-running\\\/produit\\\/semelles-route\\\/#primaryimage\"},\"thumbnailUrl\":\"https:\\\/\\\/olo-running.fr\\\/olo-running\\\/wp-content\\\/uploads\\\/2026\\\/03\\\/OLO-50.png\",\"datePublished\":\"2026-03-10T09:13:31+00:00\",\"dateModified\":\"2026-03-30T08:35:22+00:00\",\"description\":\"D\u00e9couvrez les semelles running route OLO : adh\u00e9rence optimale, confort et performance sur bitume. Compatibles avec les chaussures modulables OLO.\",\"breadcrumb\":{\"@id\":\"https:\\\/\\\/olo-running.fr\\\/olo-running\\\/produit\\\/semelles-route\\\/#breadcrumb\"},\"inLanguage\":\"fr-FR\",\"potentialAction\":[{\"@type\":\"ReadAction\",\"target\":[\"https:\\\/\\\/olo-running.fr\\\/olo-running\\\/produit\\\/semelles-route\\\/\"]}]},{\"@type\":\"ImageObject\",\"inLanguage\":\"fr-FR\",\"@id\":\"https:\\\/\\\/olo-running.fr\\\/olo-running\\\/produit\\\/semelles-route\\\/#primaryimage\",\"url\":\"https:\\\/\\\/olo-running.fr\\\/olo-running\\\/wp-content\\\/uploads\\\/2026\\\/03\\\/OLO-50.png\",\"contentUrl\":\"https:\\\/\\\/olo-running.fr\\\/olo-running\\\/wp-content\\\/uploads\\\/2026\\\/03\\\/OLO-50.png\",\"width\":1080,\"height\":1350,\"caption\":\"Semelle bleue OLO route\"},{\"@type\":\"BreadcrumbList\",\"@id\":\"https:\\\/\\\/olo-running.fr\\\/olo-running\\\/produit\\\/semelles-route\\\/#breadcrumb\",\"itemListElement\":[{\"@type\":\"ListItem\",\"position\":1,\"name\":\"Accueil\",\"item\":\"https:\\\/\\\/olo-running.fr\\\/olo-running\\\/\"},{\"@type\":\"ListItem\",\"position\":2,\"name\":\"Boutique\",\"item\":\"https:\\\/\\\/olo-running.fr\\\/olo-running\\\/boutique\\\/\"},{\"@type\":\"ListItem\",\"position\":3,\"name\":\"Semelles route\"}]},{\"@type\":\"WebSite\",\"@id\":\"https:\\\/\\\/olo-running.fr\\\/olo-running\\\/#website\",\"url\":\"https:\\\/\\\/olo-running.fr\\\/olo-running\\\/\",\"name\":\"Olo-running\",\"description\":\"\",\"publisher\":{\"@id\":\"https:\\\/\\\/olo-running.fr\\\/olo-running\\\/#\\\/schema\\\/person\\\/614eeb449ad2ce6c04e147cd00b97ac2\"},\"potentialAction\":[{\"@type\":\"SearchAction\",\"target\":{\"@type\":\"EntryPoint\",\"urlTemplate\":\"https:\\\/\\\/olo-running.fr\\\/olo-running\\\/?s={search_term_string}\"},\"query-input\":{\"@type\":\"PropertyValueSpecification\",\"valueRequired\":true,\"valueName\":\"search_term_string\"}}],\"inLanguage\":\"fr-FR\"},{\"@type\":[\"Person\",\"Organization\"],\"@id\":\"https:\\\/\\\/olo-running.fr\\\/olo-running\\\/#\\\/schema\\\/person\\\/614eeb449ad2ce6c04e147cd00b97ac2\",\"name\":\"Gerveau\",\"image\":{\"@type\":\"ImageObject\",\"inLanguage\":\"fr-FR\",\"@id\":\"http:\\\/\\\/olo-running.fr\\\/olo-running\\\/wp-content\\\/uploads\\\/2026\\\/03\\\/cropped-Charte-graphiqugckugcjue-OLO.png\",\"url\":\"http:\\\/\\\/olo-running.fr\\\/olo-running\\\/wp-content\\\/uploads\\\/2026\\\/03\\\/cropped-Charte-graphiqugckugcjue-OLO.png\",\"contentUrl\":\"http:\\\/\\\/olo-running.fr\\\/olo-running\\\/wp-content\\\/uploads\\\/2026\\\/03\\\/cropped-Charte-graphiqugckugcjue-OLO.png\",\"width\":512,\"height\":512,\"caption\":\"Gerveau\"},\"logo\":{\"@id\":\"http:\\\/\\\/olo-running.fr\\\/olo-running\\\/wp-content\\\/uploads\\\/2026\\\/03\\\/cropped-Charte-graphiqugckugcjue-OLO.png\"},\"sameAs\":[\"http:\\\/\\\/olo-running.fr\\\/olo-running\"]}]}<\/script>\n<!-- \/ Yoast SEO plugin. -->","yoast_head_json":{"title":"Semelles route","description":"D\u00e9couvrez les semelles running route OLO : adh\u00e9rence optimale, confort et performance sur bitume. Compatibles avec les chaussures modulables OLO.","robots":{"index":"index","follow":"follow","max-snippet":"max-snippet:-1","max-image-preview":"max-image-preview:large","max-video-preview":"max-video-preview:-1"},"canonical":"https:\/\/olo-running.fr\/olo-running\/produit\/semelles-route\/","og_locale":"fr_FR","og_type":"article","og_title":"Semelles route","og_description":"D\u00e9couvrez les semelles running route OLO : adh\u00e9rence optimale, confort et performance sur bitume. Compatibles avec les chaussures modulables OLO.","og_url":"https:\/\/olo-running.fr\/olo-running\/produit\/semelles-route\/","og_site_name":"WordPress","article_modified_time":"2026-03-30T08:35:22+00:00","og_image":[{"width":1080,"height":1350,"url":"http:\/\/olo-running.fr\/olo-running\/wp-content\/uploads\/2026\/03\/OLO-50.png","type":"image\/png"}],"twitter_card":"summary_large_image","twitter_misc":{"Dur\u00e9e de lecture estim\u00e9e":"7 minutes"},"schema":{"@context":"https:\/\/schema.org","@graph":[{"@type":"WebPage","@id":"https:\/\/olo-running.fr\/olo-running\/produit\/semelles-route\/","url":"https:\/\/olo-running.fr\/olo-running\/produit\/semelles-route\/","name":"Semelles route","isPartOf":{"@id":"https:\/\/olo-running.fr\/olo-running\/#website"},"primaryImageOfPage":{"@id":"https:\/\/olo-running.fr\/olo-running\/produit\/semelles-route\/#primaryimage"},"image":{"@id":"https:\/\/olo-running.fr\/olo-running\/produit\/semelles-route\/#primaryimage"},"thumbnailUrl":"https:\/\/olo-running.fr\/olo-running\/wp-content\/uploads\/2026\/03\/OLO-50.png","datePublished":"2026-03-10T09:13:31+00:00","dateModified":"2026-03-30T08:35:22+00:00","description":"D\u00e9couvrez les semelles running route OLO : adh\u00e9rence optimale, confort et performance sur bitume. Compatibles avec les chaussures modulables OLO.","breadcrumb":{"@id":"https:\/\/olo-running.fr\/olo-running\/produit\/semelles-route\/#breadcrumb"},"inLanguage":"fr-FR","potentialAction":[{"@type":"ReadAction","target":["https:\/\/olo-running.fr\/olo-running\/produit\/semelles-route\/"]}]},{"@type":"ImageObject","inLanguage":"fr-FR","@id":"https:\/\/olo-running.fr\/olo-running\/produit\/semelles-route\/#primaryimage","url":"https:\/\/olo-running.fr\/olo-running\/wp-content\/uploads\/2026\/03\/OLO-50.png","contentUrl":"https:\/\/olo-running.fr\/olo-running\/wp-content\/uploads\/2026\/03\/OLO-50.png","width":1080,"height":1350,"caption":"Semelle bleue OLO route"},{"@type":"BreadcrumbList","@id":"https:\/\/olo-running.fr\/olo-running\/produit\/semelles-route\/#breadcrumb","itemListElement":[{"@type":"ListItem","position":1,"name":"Accueil","item":"https:\/\/olo-running.fr\/olo-running\/"},{"@type":"ListItem","position":2,"name":"Boutique","item":"https:\/\/olo-running.fr\/olo-running\/boutique\/"},{"@type":"ListItem","position":3,"name":"Semelles route"}]},{"@type":"WebSite","@id":"https:\/\/olo-running.fr\/olo-running\/#website","url":"https:\/\/olo-running.fr\/olo-running\/","name":"Olo-running","description":"","publisher":{"@id":"https:\/\/olo-running.fr\/olo-running\/#\/schema\/person\/614eeb449ad2ce6c04e147cd00b97ac2"},"potentialAction":[{"@type":"SearchAction","target":{"@type":"EntryPoint","urlTemplate":"https:\/\/olo-running.fr\/olo-running\/?s={search_term_string}"},"query-input":{"@type":"PropertyValueSpecification","valueRequired":true,"valueName":"search_term_string"}}],"inLanguage":"fr-FR"},{"@type":["Person","Organization"],"@id":"https:\/\/olo-running.fr\/olo-running\/#\/schema\/person\/614eeb449ad2ce6c04e147cd00b97ac2","name":"Gerveau","image":{"@type":"ImageObject","inLanguage":"fr-FR","@id":"http:\/\/olo-running.fr\/olo-running\/wp-content\/uploads\/2026\/03\/cropped-Charte-graphiqugckugcjue-OLO.png","url":"http:\/\/olo-running.fr\/olo-running\/wp-content\/uploads\/2026\/03\/cropped-Charte-graphiqugckugcjue-OLO.png","contentUrl":"http:\/\/olo-running.fr\/olo-running\/wp-content\/uploads\/2026\/03\/cropped-Charte-graphiqugckugcjue-OLO.png","width":512,"height":512,"caption":"Gerveau"},"logo":{"@id":"http:\/\/olo-running.fr\/olo-running\/wp-content\/uploads\/2026\/03\/cropped-Charte-graphiqugckugcjue-OLO.png"},"sameAs":["http:\/\/olo-running.fr\/olo-running"]}]}},"_links":{"self":[{"href":"https:\/\/olo-running.fr\/olo-running\/wp-json\/wp\/v2\/product\/1732","targetHints":{"allow":["GET"]}}],"collection":[{"href":"https:\/\/olo-running.fr\/olo-running\/wp-json\/wp\/v2\/product"}],"about":[{"href":"https:\/\/olo-running.fr\/olo-running\/wp-json\/wp\/v2\/types\/product"}],"replies":[{"embeddable":true,"href":"https:\/\/olo-running.fr\/olo-running\/wp-json\/wp\/v2\/comments?post=1732"}],"wp:featuredmedia":[{"embeddable":true,"href":"https:\/\/olo-running.fr\/olo-running\/wp-json\/wp\/v2\/media\/1767"}],"wp:attachment":[{"href":"https:\/\/olo-running.fr\/olo-running\/wp-json\/wp\/v2\/media?parent=1732"}],"wp:term":[{"taxonomy":"product_brand","embeddable":true,"href":"https:\/\/olo-running.fr\/olo-running\/wp-json\/wp\/v2\/product_brand?post=1732"},{"taxonomy":"product_cat","embeddable":true,"href":"https:\/\/olo-running.fr\/olo-running\/wp-json\/wp\/v2\/product_cat?post=1732"},{"taxonomy":"product_tag","embeddable":true,"href":"https:\/\/olo-running.fr\/olo-running\/wp-json\/wp\/v2\/product_tag?post=1732"}],"curies":[{"name":"wp","href":"https:\/\/api.w.org\/{rel}","templated":true}]}}